{"id":12665,"date":"2024-02-07T10:22:57","date_gmt":"2024-02-07T10:22:57","guid":{"rendered":"https:\/\/soterguard.com\/politica-de-privadesa-soterguard\/"},"modified":"2025-06-26T10:31:12","modified_gmt":"2025-06-26T10:31:12","slug":"politica-de-privadesa-soterguard","status":"publish","type":"page","link":"https:\/\/soterguard.com\/ca\/politica-de-privadesa-soterguard\/","title":{"rendered":"Pol\u00edtica de privadesa | SoterGuard"},"content":{"rendered":"\t\t<div data-elementor-type=\"wp-page\" data-elementor-id=\"12665\" class=\"elementor elementor-12665 elementor-3\" data-elementor-post-type=\"page\">\n\t\t\t\t<div class=\"elementor-element elementor-element-64b58c2 e-flex e-con-boxed e-con e-parent\" data-id=\"64b58c2\" data-element_type=\"container\" data-e-type=\"container\">\n\t\t\t\t\t<div class=\"e-con-inner\">\n\t\t\t\t<div class=\"elementor-element elementor-element-992944a elementor-widget elementor-widget-heading\" data-id=\"992944a\" data-element_type=\"widget\" data-e-type=\"widget\" data-widget_type=\"heading.default\">\n\t\t\t\t<div class=\"elementor-widget-container\">\n\t\t\t\t\t<h2 class=\"elementor-heading-title elementor-size-default\">Pol\u00edtica de privadesa<\/h2>\t\t\t\t<\/div>\n\t\t\t\t<\/div>\n\t\t\t\t<div class=\"elementor-element elementor-element-789b8b0 elementor-widget elementor-widget-heading\" data-id=\"789b8b0\" data-element_type=\"widget\" data-e-type=\"widget\" data-widget_type=\"heading.default\">\n\t\t\t\t<div class=\"elementor-widget-container\">\n\t\t\t\t\t<h2 class=\"elementor-heading-title elementor-size-default\">Informaci\u00f3 b\u00e0sica sobre protecci\u00f3 de dades<\/h2>\t\t\t\t<\/div>\n\t\t\t\t<\/div>\n\t\t\t\t<div class=\"elementor-element elementor-element-8fe23d8 elementor-widget elementor-widget-heading\" data-id=\"8fe23d8\" data-element_type=\"widget\" data-e-type=\"widget\" data-widget_type=\"heading.default\">\n\t\t\t\t<div class=\"elementor-widget-container\">\n\t\t\t\t\t<h2 class=\"elementor-heading-title elementor-size-default\">Qui \u00e9s el responsable del tractament de les dades?<\/h2>\t\t\t\t<\/div>\n\t\t\t\t<\/div>\n\t\t\t\t<div class=\"elementor-element elementor-element-368dd9a elementor-widget elementor-widget-text-editor\" data-id=\"368dd9a\" data-element_type=\"widget\" data-e-type=\"widget\" data-widget_type=\"text-editor.default\">\n\t\t\t\t<div class=\"elementor-widget-container\">\n\t\t\t\t\t\t\t\t\t<p><strong>Responsable:<\/strong> Tres elles idees 2008, SLU<\/p><p><strong>Finalitat:<\/strong> Gestionar i atendre les sol\u00b7licituds a trav\u00e9s de la p\u00e0gina web.<\/p><p><strong>Legitimaci\u00f3:<\/strong> Consentiment de linteressat.<\/p><p><strong>Destinataris:<\/strong> No se cediran dades a tercers, excepte obligaci\u00f3 legal.<\/p><p><strong>Drets:<\/strong> Teniu dret a accedir, rectificar i suprimir les dades, aix\u00ed com altres drets indicats a la informaci\u00f3 addicional, que podeu exercir enviant un correu a contacto@soterguard.com<\/p><p><strong>Proced\u00e8ncia:<\/strong> El mateix interessat.<\/p>\t\t\t\t\t\t\t\t<\/div>\n\t\t\t\t<\/div>\n\t\t\t\t<div class=\"elementor-element elementor-element-7e93bf8 elementor-widget elementor-widget-text-editor\" data-id=\"7e93bf8\" data-element_type=\"widget\" data-e-type=\"widget\" data-widget_type=\"text-editor.default\">\n\t\t\t\t<div class=\"elementor-widget-container\">\n\t\t\t\t\t\t\t\t\t<p>Tres elles idees 2008, SLU amb ES-B64972557 i domicili social situat al carrer agricultura 24(local). 2016\/679.  <\/p>\t\t\t\t\t\t\t\t<\/div>\n\t\t\t\t<\/div>\n\t\t\t\t<div class=\"elementor-element elementor-element-beabe89 elementor-widget elementor-widget-heading\" data-id=\"beabe89\" data-element_type=\"widget\" data-e-type=\"widget\" data-widget_type=\"heading.default\">\n\t\t\t\t<div class=\"elementor-widget-container\">\n\t\t\t\t\t<h2 class=\"elementor-heading-title elementor-size-default\">Amb quina finalitat fem servir les teves dades personals?<\/h2>\t\t\t\t<\/div>\n\t\t\t\t<\/div>\n\t\t\t\t<div class=\"elementor-element elementor-element-26ce17c elementor-widget elementor-widget-text-editor\" data-id=\"26ce17c\" data-element_type=\"widget\" data-e-type=\"widget\" data-widget_type=\"text-editor.default\">\n\t\t\t\t<div class=\"elementor-widget-container\">\n\t\t\t\t\t\t\t\t\t<p>Usarem les teves dades, obtingudes online, entre altres finalitats per gestionar el teu registre com a usuari, gestionar la compra de productes o serveis, atendre les teves consultes, aix\u00ed com per, en cas que vulguis, enviar-te les nostres comunicacions personalitzades.<\/p><p>Depenent dels productes, serveis o funcionalitats de qu\u00e8 vulguis gaudir a cada moment necessitarem tractar unes dades o altres, que en general seran, segons el cas, les seg\u00fcents:<\/p><ul><li>les teves dades identificatives (per exemple, el teu nom, cognom, idioma i pa\u00eds des d&#8217;on interactues amb nosaltres, dades de contacte, etc);<\/li><li>nformaci\u00f3 econ\u00f2mica i transaccional (per exemple, les teves dades de pagament o de targeta, informaci\u00f3 sobre les compres, comandes, devolucions, etc.);<\/li><li>dades de connexi\u00f3, geolocalitzaci\u00f3 i navegaci\u00f3 (en cas que interactu\u00efs amb nosaltres des del m\u00f2bil, per exemple);<\/li><li>informaci\u00f3 comercial (per exemple, si est\u00e0s subscrit a la nostra newsletter), dades sobre els teus gustos i prefer\u00e8ncies.<\/li><\/ul><p> <\/p><p>Recorda que, quan et demanem que emplenis les teves dades personals per donar-te acc\u00e9s a alguna funcionalitat o servei de la Plataforma, marcarem alguns camps com a obligatoris, ja que s\u00f3n dades que necessitem per poder prestar-te el servei o donar-te acc\u00e9s a la funcionalitat en q\u00fcesti\u00f3. Si us plau, tingues en compte que si decideixes no facilitar-nos aquestes dades, \u00e9s possible que no puguis completar el teu registre com a usuari o que no puguis gaudir d&#8217;aquests serveis o funcionalitats. <\/p>\t\t\t\t\t\t\t\t<\/div>\n\t\t\t\t<\/div>\n\t\t\t\t<div class=\"elementor-element elementor-element-1b1ed90 elementor-widget elementor-widget-heading\" data-id=\"1b1ed90\" data-element_type=\"widget\" data-e-type=\"widget\" data-widget_type=\"heading.default\">\n\t\t\t\t<div class=\"elementor-widget-container\">\n\t\t\t\t\t<h2 class=\"elementor-heading-title elementor-size-default\">Per qu\u00e8 els fem servir?<\/h2>\t\t\t\t<\/div>\n\t\t\t\t<\/div>\n\t\t\t\t<div class=\"elementor-element elementor-element-4929c8e elementor-widget elementor-widget-text-editor\" data-id=\"4929c8e\" data-element_type=\"widget\" data-e-type=\"widget\" data-widget_type=\"text-editor.default\">\n\t\t\t\t<div class=\"elementor-widget-container\">\n\t\t\t\t\t\t\t\t\t<p>Estem legitimats per tractar les teves dades per diferents motius. El principal, \u00e9s que necessitem tractar-los per executar el contracte que acceptes amb nosaltres en registrar-te i en fer una compra o gaudir d&#8217;algun dels nostres serveis o funcionalitats, encara que hi ha altres raons que ens legitimen, com l&#8217;inter\u00e8s a atendre les teves consultes o el consentiment que ens prestes per enviar-te les nostres newsletter, entre d&#8217;altres. <\/p>\t\t\t\t\t\t\t\t<\/div>\n\t\t\t\t<\/div>\n\t\t\t\t<div class=\"elementor-element elementor-element-245c0ae elementor-widget elementor-widget-heading\" data-id=\"245c0ae\" data-element_type=\"widget\" data-e-type=\"widget\" data-widget_type=\"heading.default\">\n\t\t\t\t<div class=\"elementor-widget-container\">\n\t\t\t\t\t<h2 class=\"elementor-heading-title elementor-size-default\">Amb qui compartim les teves dades?<\/h2>\t\t\t\t<\/div>\n\t\t\t\t<\/div>\n\t\t\t\t<div class=\"elementor-element elementor-element-22dc729 elementor-widget elementor-widget-text-editor\" data-id=\"22dc729\" data-element_type=\"widget\" data-e-type=\"widget\" data-widget_type=\"text-editor.default\">\n\t\t\t\t<div class=\"elementor-widget-container\">\n\t\t\t\t\t\t\t\t\t<p>No compartirem dades amb tercers, llevat de donar compliment a obligacions legals, tribut\u00e0ries i en mat\u00e8ria de prevenci\u00f3 del blanqueig de capitals i finan\u00e7ament del terrorisme.<\/p>\t\t\t\t\t\t\t\t<\/div>\n\t\t\t\t<\/div>\n\t\t\t\t<div class=\"elementor-element elementor-element-c2c0cf8 elementor-widget elementor-widget-heading\" data-id=\"c2c0cf8\" data-element_type=\"widget\" data-e-type=\"widget\" data-widget_type=\"heading.default\">\n\t\t\t\t<div class=\"elementor-widget-container\">\n\t\t\t\t\t<h2 class=\"elementor-heading-title elementor-size-default\">Durant quant de temps conservarem les vostres dades?<\/h2>\t\t\t\t<\/div>\n\t\t\t\t<\/div>\n\t\t\t\t<div class=\"elementor-element elementor-element-e184ac0 elementor-widget elementor-widget-text-editor\" data-id=\"e184ac0\" data-element_type=\"widget\" data-e-type=\"widget\" data-widget_type=\"text-editor.default\">\n\t\t\t\t<div class=\"elementor-widget-container\">\n\t\t\t\t\t\t\t\t\t<p>Les teves dades seran tractades amb la m\u00e0xima confidencialitat per gestionar la nostra relaci\u00f3 comercial. Les dades es conservaran fins que sol\u00b7liciteu la supressi\u00f3 a l&#8217;adre\u00e7a contacte@soterguard.com o ho establiu una disposici\u00f3 legal. Podeu presentar una reclamaci\u00f3 davant l&#8217;autoritat de control competent (www.agpd.es) si considereu que el tractament no s&#8217;ajusta a la normativa vigent.  <\/p>\t\t\t\t\t\t\t\t<\/div>\n\t\t\t\t<\/div>\n\t\t\t\t<div class=\"elementor-element elementor-element-1a6ff67 elementor-widget elementor-widget-heading\" data-id=\"1a6ff67\" data-element_type=\"widget\" data-e-type=\"widget\" data-widget_type=\"heading.default\">\n\t\t\t\t<div class=\"elementor-widget-container\">\n\t\t\t\t\t<h2 class=\"elementor-heading-title elementor-size-default\">Quina \u00e9s la legitimaci\u00f3 per al tractament de les teves dades?<\/h2>\t\t\t\t<\/div>\n\t\t\t\t<\/div>\n\t\t\t\t<div class=\"elementor-element elementor-element-b4c21c9 elementor-widget elementor-widget-text-editor\" data-id=\"b4c21c9\" data-element_type=\"widget\" data-e-type=\"widget\" data-widget_type=\"text-editor.default\">\n\t\t\t\t<div class=\"elementor-widget-container\">\n\t\t\t\t\t\t\t\t\t<p>3llideas est\u00e0 legitimada per tractar les teves dades perqu\u00e8 s\u00f3n necess\u00e0ries per prestar el servei sol\u00b7licitat o pel consentiment que ens atorgues als diferents formularis de contacte de la web Les dades no se cediran a tercers excepte en els casos en qu\u00e8 hi hagi una obligaci\u00f3 legal. <\/p><p>Per exercir els drets d&#8217;acc\u00e9s, rectificaci\u00f3, supressi\u00f3 i portabilitat de les vostres dades, i la limitaci\u00f3 o oposici\u00f3 al vostre tractament, us heu d&#8217;adre\u00e7ar per escrit a contacto@soterguard.com.<\/p><p>Com a Usuari, mitjan\u00e7ant la marcaci\u00f3 de les caselles corresponents i entrada de dades als camps, marcats amb un asterisc (*) al formulari de contacte o presentats en formularis de desc\u00e0rrega, acceptes expressament i de forma lliure i inequ\u00edvoca, que les teves dades s\u00f3n necess\u00e0ries per atendre la teva petici\u00f3, per part del prestador, sent volunt\u00e0ria la inclusi\u00f3 de dades. Com a Usuari garanteixes que les dades personals facilitades s\u00f3n veraces i et fas responsable de comunicar-ne qualsevol modificaci\u00f3. <\/p><p>3llideas est\u00e0 complint amb totes les disposicions de les normatives per al tractament de les dades personals de la seva responsabilitat, i amb els principis descrits a l&#8217;article 5 del GDPR, pels quals s\u00f3n tractats de manera l\u00edcita, lleial i transparent en relaci\u00f3 amb l&#8217;interessat i adequats, pertinents i limitats al necessari en relaci\u00f3 amb els fins per als quals s\u00f3n tractats.<\/p><p>3llideas garanteix que ha implementat pol\u00edtiques t\u00e8cniques i organitzatives apropiades per aplicar les mesures de seguretat que estableixen el GDPR per tal de protegir els drets i llibertats dels Usuaris i els ha comunicat la informaci\u00f3 adequada perqu\u00e8 puguin exercir-los.<\/p><p>Tant els noms, logotips, signes distintius i\/o marques comercials de reconegut prestigi que consten a la P\u00e0gina Web (amb car\u00e0cter enunciatiu, aquelles que han estat incorporades a la secci\u00f3 &#8216;Marques&#8217;) s\u00f3n signes distintius i marques degudament registrades i protegides per la legislaci\u00f3 nacional i internacional i propietat dels seus leg\u00edtims titulars. L&#8217;\u00fas dels referits signes distintius i\/o marques, o de qualsevol altre material susceptible de protecci\u00f3 en mat\u00e8ria de dret de la propietat industrial, a excepci\u00f3 del que permet aquestes Condicions d&#8217;\u00das, queda totalment prohibit i constituir\u00e0 una violaci\u00f3 dels drets de propietat industrial i intel\u00b7lectual que ostenten 3llidees o els titulars d&#8217;aquests signes distintius i\/o marca. <\/p>\t\t\t\t\t\t\t\t<\/div>\n\t\t\t\t<\/div>\n\t\t\t\t<div class=\"elementor-element elementor-element-ee1ae48 elementor-widget elementor-widget-heading\" data-id=\"ee1ae48\" data-element_type=\"widget\" data-e-type=\"widget\" data-widget_type=\"heading.default\">\n\t\t\t\t<div class=\"elementor-widget-container\">\n\t\t\t\t\t<h2 class=\"elementor-heading-title elementor-size-default\">Quins s\u00f3n els vostres drets quan ens facilita les vostres dades?<\/h2>\t\t\t\t<\/div>\n\t\t\t\t<\/div>\n\t\t\t\t<div class=\"elementor-element elementor-element-a9e179e elementor-widget elementor-widget-text-editor\" data-id=\"a9e179e\" data-element_type=\"widget\" data-e-type=\"widget\" data-widget_type=\"text-editor.default\">\n\t\t\t\t<div class=\"elementor-widget-container\">\n\t\t\t\t\t\t\t\t\t<p>Podeu exercir en qualsevol moment el vostre dret d&#8217;acc\u00e9s, rectificaci\u00f3, supressi\u00f3 i portabilitat de les vostres dades, aix\u00ed com a la limitaci\u00f3 o oposici\u00f3 al vostre tractament. Tamb\u00e9 tens dret a retirar el consentiment prestat, aix\u00ed com a reclamar davant de l&#8217;Autoritat de control pertinent. <\/p><p>Podr\u00e0s exercitar els teus drets escrivint-nos un correu electr\u00f2nic a la nostra adre\u00e7a info@soterguard.com, simplement indicant-nos el motiu de la teva sol\u00b7licitud. En cas que ho considerem necessari per poder-te identificar, podrem sol\u00b7licitar-te c\u00f2pia d&#8217;un document acreditatiu de la teva identitat. <\/p><p>Per a qualsevol consulta o aclariment que necessiti amb relaci\u00f3 a la protecci\u00f3 de dades pots posar-te en contacte amb 3llidees a trav\u00e9s del nostre correu electr\u00f2nic: contacto@soterguard.com<\/p>\t\t\t\t\t\t\t\t<\/div>\n\t\t\t\t<\/div>\n\t\t\t\t<div class=\"elementor-element elementor-element-4a8f481 elementor-widget elementor-widget-heading\" data-id=\"4a8f481\" data-element_type=\"widget\" data-e-type=\"widget\" data-widget_type=\"heading.default\">\n\t\t\t\t<div class=\"elementor-widget-container\">\n\t\t\t\t\t<h2 class=\"elementor-heading-title elementor-size-default\">Informaci\u00f3 addicional<\/h2>\t\t\t\t<\/div>\n\t\t\t\t<\/div>\n\t\t\t\t<div class=\"elementor-element elementor-element-6f1d651 elementor-widget elementor-widget-text-editor\" data-id=\"6f1d651\" data-element_type=\"widget\" data-e-type=\"widget\" data-widget_type=\"text-editor.default\">\n\t\t\t\t<div class=\"elementor-widget-container\">\n\t\t\t\t\t\t\t\t\t<p>Tant l&#8217;acc\u00e9s a la p\u00e0gina web com l&#8217;\u00fas que es pugui fer de la informaci\u00f3 que cont\u00e9 s\u00f3n de la responsabilitat exclusiva de qui el duu a terme. 3llideas es reserva la facultat d&#8217;efectuar, en qualsevol moment i sense necessitat de previ av\u00eds, modificacions i actualitzacions sobre la informaci\u00f3 continguda a la P\u00e0gina Web o en la seva configuraci\u00f3 i presentaci\u00f3.  3llidees no pot garantir ni es responsabilitza de l&#8217;exist\u00e8ncia d&#8217;errors en l&#8217;acc\u00e9s a la P\u00e0gina Web, ni al seu contingut, ni que aquest estigui oportunament actualitzat, encara que realitzar\u00e0 els esfor\u00e7os necessaris per evitar-los i, si escau, reparar-los o actualitzar-los com m\u00e9s aviat millor. De la mateixa manera, tampoc no es responsabilitza de les conseq\u00fc\u00e8ncies derivades de la seva interacci\u00f3 ni dels efectes que aquesta interacci\u00f3 pugui comportar a les aplicacions de programari i\/o als equips de maquinari dels usuaris.<\/p><p>Amb l&#8217;objectiu d&#8217;ajudar els nostres clients o usuaris de la P\u00e0gina Web a trobar informaci\u00f3 que 3llidees considera que els pogu\u00e9s ser d&#8217;inter\u00e8s dins del nostre sector, podria establir en el futur enlla\u00e7os hipertextuals directes a p\u00e0gines web de tercers. En aquest sentit, 3llidees s&#8217;exonera de tota responsabilitat que pogu\u00e9s derivar-se del contingut d&#8217;aquestes p\u00e0gines web de tercers, at\u00e8s que no hi exercir\u00e0 cap mena de revisi\u00f3 i\/o control.<\/p><p>Les dades obtingudes a trav\u00e9s de formularis, correu electr\u00f2nic o altres vies es guardaran exclusivament per poder realitzar la gesti\u00f3 de les comandes, i en cap concepte amb finalitats publicit\u00e0ries, exceptuant el cas que hagi seleccionat l&#8217;opci\u00f3 de rebre publicitat de 3llidees, ni seran cedides a tercers.<\/p><p>D&#8217;haver atorgat pr\u00e8viament el vostre consentiment expr\u00e9s, utilitzarem la vostra adre\u00e7a de correu electr\u00f2nic per a l&#8217;enviament de comunicacions comercials. Pots donar-te de baixa de les mateixes en qualsevol moment, fent clic al link previst per a aix\u00f2 a l&#8217;e-mail amb aquesta comunicaci\u00f3 comercial.<\/p>\t\t\t\t\t\t\t\t<\/div>\n\t\t\t\t<\/div>\n\t\t\t\t<div class=\"elementor-element elementor-element-734334a elementor-widget elementor-widget-heading\" data-id=\"734334a\" data-element_type=\"widget\" data-e-type=\"widget\" data-widget_type=\"heading.default\">\n\t\t\t\t<div class=\"elementor-widget-container\">\n\t\t\t\t\t<h2 class=\"elementor-heading-title elementor-size-default\">Canvis en la pol\u00edtica de privadesa<\/h2>\t\t\t\t<\/div>\n\t\t\t\t<\/div>\n\t\t\t\t<div class=\"elementor-element elementor-element-5cf6b68 elementor-widget elementor-widget-text-editor\" data-id=\"5cf6b68\" data-element_type=\"widget\" data-e-type=\"widget\" data-widget_type=\"text-editor.default\">\n\t\t\t\t<div class=\"elementor-widget-container\">\n\t\t\t\t\t\t\t\t\t<p>\u00c9s possible que modifiquem la informaci\u00f3 continguda en aquesta Pol\u00edtica de Privadesa quan ho estimem convenient. En cas que ho fem, t&#8217;ho notificarem per diferents vies a trav\u00e9s de la Plataforma (per exemple, a trav\u00e9s d&#8217;un banner, un pop-up o una notificaci\u00f3 push), o fins i tot t&#8217;ho comunicarem a la teva adre\u00e7a de correu electr\u00f2nic quan el canvi en q\u00fcesti\u00f3 sigui significatiu envers la teva privadesa, de manera que puguis revisar els canvis, valorar-los i, si escau, oposar-los. En qualsevol cas, et suggerim que revisis aquesta Pol\u00edtica de Privadesa de tant en tant per si hi hagu\u00e9s canvis menors o introdu\u00efm alguna millora interactiva, aprofitant que sempre la trobar\u00e0s com a punt permanent d&#8217;informaci\u00f3 a la nostra Web.<\/p><p>Utilitzem cookies i dispositius similars per facilitar la teva navegaci\u00f3 a la Plataforma, con\u00e8ixer com interactues amb 3llidees i, en determinats casos, poder mostrar publicitat en funci\u00f3 dels teus h\u00e0bits de navegaci\u00f3. Tamb\u00e9 s&#8217;utilitzen amb la finalitat d&#8217;emmagatzemar les dades de la cistella de la compra i millorar la usabilitat en la navegaci\u00f3, si ho desitges, pots configurar el teu navegador per ser avisat a la pantalla de la recepci\u00f3 de cookies i per impedir la instal\u00b7laci\u00f3 de cookies al disc dur. Si us plau, consulta les instruccions i manuals al navegador per ampliar la seva informaci\u00f3.<\/p>\t\t\t\t\t\t\t\t<\/div>\n\t\t\t\t<\/div>\n\t\t\t\t<div class=\"elementor-element elementor-element-aafe190 elementor-widget elementor-widget-heading\" data-id=\"aafe190\" data-element_type=\"widget\" data-e-type=\"widget\" data-widget_type=\"heading.default\">\n\t\t\t\t<div class=\"elementor-widget-container\">\n\t\t\t\t\t<h2 class=\"elementor-heading-title elementor-size-default\">Cookies que utilitzem<\/h2>\t\t\t\t<\/div>\n\t\t\t\t<\/div>\n\t\t\t\t\t<\/div>\n\t\t\t\t<\/div>\n\t\t\t\t<\/div>\n\t\t","protected":false},"excerpt":{"rendered":"<p>Pol\u00edtica de privadesa Informaci\u00f3 b\u00e0sica sobre protecci\u00f3 de dades Qui \u00e9s el responsable del tractament de les dades? Responsable: Tres elles idees 2008, SLU Finalitat: Gestionar i atendre les sol\u00b7licituds a trav\u00e9s de la p\u00e0gina web. Legitimaci\u00f3: Consentiment de linteressat. Destinataris: No se cediran dades a tercers, excepte obligaci\u00f3 legal. Drets: Teniu dret a accedir, [&hellip;]<\/p>\n","protected":false},"author":1,"featured_media":0,"parent":0,"menu_order":0,"comment_status":"closed","ping_status":"closed","template":"","meta":{"footnotes":""},"class_list":["post-12665","page","type-page","status-publish","hentry"],"yoast_head":"<!-- This site is optimized with the Yoast SEO plugin v27.3 - https:\/\/yoast.com\/product\/yoast-seo-wordpress\/ -->\n<title>Pol\u00edtica de privadesa | SoterGuard - Soterguard<\/title>\n<meta name=\"robots\" content=\"index, follow, max-snippet:-1, max-image-preview:large, max-video-preview:-1\" \/>\n<link rel=\"canonical\" href=\"https:\/\/soterguard.com\/ca\/politica-de-privadesa-soterguard\/\" \/>\n<meta property=\"og:locale\" content=\"ca_ES\" \/>\n<meta property=\"og:type\" content=\"article\" \/>\n<meta property=\"og:title\" content=\"Pol\u00edtica de privadesa | SoterGuard - Soterguard\" \/>\n<meta property=\"og:description\" content=\"Pol\u00edtica de privadesa Informaci\u00f3 b\u00e0sica sobre protecci\u00f3 de dades Qui \u00e9s el responsable del tractament de les dades? Responsable: Tres elles idees 2008, SLU Finalitat: Gestionar i atendre les sol\u00b7licituds a trav\u00e9s de la p\u00e0gina web. Legitimaci\u00f3: Consentiment de linteressat. Destinataris: No se cediran dades a tercers, excepte obligaci\u00f3 legal. Drets: Teniu dret a accedir, [&hellip;]\" \/>\n<meta property=\"og:url\" content=\"https:\/\/soterguard.com\/ca\/politica-de-privadesa-soterguard\/\" \/>\n<meta property=\"og:site_name\" content=\"Soterguard\" \/>\n<meta property=\"article:publisher\" content=\"https:\/\/www.facebook.com\/people\/SoterGuard\/\" \/>\n<meta property=\"article:modified_time\" content=\"2025-06-26T10:31:12+00:00\" \/>\n<meta name=\"twitter:card\" content=\"summary_large_image\" \/>\n<!-- \/ Yoast SEO plugin. -->","yoast_head_json":{"title":"Pol\u00edtica de privadesa | SoterGuard - Soterguard","robots":{"index":"index","follow":"follow","max-snippet":"max-snippet:-1","max-image-preview":"max-image-preview:large","max-video-preview":"max-video-preview:-1"},"canonical":"https:\/\/soterguard.com\/ca\/politica-de-privadesa-soterguard\/","og_locale":"ca_ES","og_type":"article","og_title":"Pol\u00edtica de privadesa | SoterGuard - Soterguard","og_description":"Pol\u00edtica de privadesa Informaci\u00f3 b\u00e0sica sobre protecci\u00f3 de dades Qui \u00e9s el responsable del tractament de les dades? Responsable: Tres elles idees 2008, SLU Finalitat: Gestionar i atendre les sol\u00b7licituds a trav\u00e9s de la p\u00e0gina web. Legitimaci\u00f3: Consentiment de linteressat. Destinataris: No se cediran dades a tercers, excepte obligaci\u00f3 legal. Drets: Teniu dret a accedir, [&hellip;]","og_url":"https:\/\/soterguard.com\/ca\/politica-de-privadesa-soterguard\/","og_site_name":"Soterguard","article_publisher":"https:\/\/www.facebook.com\/people\/SoterGuard\/","article_modified_time":"2025-06-26T10:31:12+00:00","twitter_card":"summary_large_image","schema":{"@context":"https:\/\/schema.org","@graph":[{"@type":"WebPage","@id":"https:\/\/soterguard.com\/ca\/politica-de-privadesa-soterguard\/","url":"https:\/\/soterguard.com\/ca\/politica-de-privadesa-soterguard\/","name":"Pol\u00edtica de privadesa | SoterGuard - Soterguard","isPartOf":{"@id":"https:\/\/soterguard.com\/ca\/#website"},"datePublished":"2024-02-07T10:22:57+00:00","dateModified":"2025-06-26T10:31:12+00:00","breadcrumb":{"@id":"https:\/\/soterguard.com\/ca\/politica-de-privadesa-soterguard\/#breadcrumb"},"inLanguage":"ca","potentialAction":[{"@type":"ReadAction","target":["https:\/\/soterguard.com\/ca\/politica-de-privadesa-soterguard\/"]}]},{"@type":"BreadcrumbList","@id":"https:\/\/soterguard.com\/ca\/politica-de-privadesa-soterguard\/#breadcrumb","itemListElement":[{"@type":"ListItem","position":1,"name":"Home","item":"https:\/\/soterguard.com\/ca\/inici\/"},{"@type":"ListItem","position":2,"name":"Pol\u00edtica de privadesa | SoterGuard"}]},{"@type":"WebSite","@id":"https:\/\/soterguard.com\/ca\/#website","url":"https:\/\/soterguard.com\/ca\/","name":"Soterguard","description":"Soluci\u00f3n de gesti\u00f3n IT centralizada","publisher":{"@id":"https:\/\/soterguard.com\/ca\/#organization"},"potentialAction":[{"@type":"SearchAction","target":{"@type":"EntryPoint","urlTemplate":"https:\/\/soterguard.com\/ca\/?s={search_term_string}"},"query-input":{"@type":"PropertyValueSpecification","valueRequired":true,"valueName":"search_term_string"}}],"inLanguage":"ca"},{"@type":"Organization","@id":"https:\/\/soterguard.com\/ca\/#organization","name":"Soterguard","url":"https:\/\/soterguard.com\/ca\/","logo":{"@type":"ImageObject","inLanguage":"ca","@id":"https:\/\/soterguard.com\/ca\/#\/schema\/logo\/image\/","url":"https:\/\/soterguard.com\/wp-content\/uploads\/2025\/01\/Soterguard_Logo_Main_Dark.png","contentUrl":"https:\/\/soterguard.com\/wp-content\/uploads\/2025\/01\/Soterguard_Logo_Main_Dark.png","width":1200,"height":250,"caption":"Soterguard"},"image":{"@id":"https:\/\/soterguard.com\/ca\/#\/schema\/logo\/image\/"},"sameAs":["https:\/\/www.facebook.com\/people\/SoterGuard\/","https:\/\/www.linkedin.com\/company\/soterguard\/","https:\/\/www.instagram.com\/soterguard\/"]}]}},"_links":{"self":[{"href":"https:\/\/soterguard.com\/ca\/wp-json\/wp\/v2\/pages\/12665","targetHints":{"allow":["GET"]}}],"collection":[{"href":"https:\/\/soterguard.com\/ca\/wp-json\/wp\/v2\/pages"}],"about":[{"href":"https:\/\/soterguard.com\/ca\/wp-json\/wp\/v2\/types\/page"}],"author":[{"embeddable":true,"href":"https:\/\/soterguard.com\/ca\/wp-json\/wp\/v2\/users\/1"}],"replies":[{"embeddable":true,"href":"https:\/\/soterguard.com\/ca\/wp-json\/wp\/v2\/comments?post=12665"}],"version-history":[{"count":1,"href":"https:\/\/soterguard.com\/ca\/wp-json\/wp\/v2\/pages\/12665\/revisions"}],"predecessor-version":[{"id":12666,"href":"https:\/\/soterguard.com\/ca\/wp-json\/wp\/v2\/pages\/12665\/revisions\/12666"}],"wp:attachment":[{"href":"https:\/\/soterguard.com\/ca\/wp-json\/wp\/v2\/media?parent=12665"}],"curies":[{"name":"wp","href":"https:\/\/api.w.org\/{rel}","templated":true}]}}